{"id":11,"date":"2020-02-17T12:53:00","date_gmt":"2020-02-17T12:53:00","guid":{"rendered":"http:\/\/foerderverein-lbz-eppelborn.de\/?page_id=11"},"modified":"2022-04-28T07:36:23","modified_gmt":"2022-04-28T05:36:23","slug":"verein-zur-foerderung-der-freiwilligen-feuerwehr-loeschbezirk-eppelborn-e-v","status":"publish","type":"page","link":"https:\/\/foerderverein-lbz-eppelborn.de\/","title":{"rendered":"Herzlich Willkommen"},"content":{"rendered":"\n<div class=\"wp-block-columns is-layout-flex wp-container-core-columns-is-layout-28f84493 wp-block-columns-is-layout-flex\">\n<div class=\"wp-block-column is-layout-flow wp-block-column-is-layout-flow\" style=\"flex-basis:50%\">\n<figure class=\"wp-block-image size-large\"><img loading=\"lazy\" decoding=\"async\" width=\"200\" height=\"172\" src=\"https:\/\/foerderverein-lbz-eppelborn.de\/wp-content\/uploads\/2020\/02\/cropped-logo_FVLBZEPP_01-1-e1625057945124.jpg\" alt=\"\" class=\"wp-image-18\"\/><\/figure>\n\n\n\n<p class=\"has-medium-font-size\"><strong>Hallo auf den Seiten des Vereins zur F\u00f6rderung der<br>Freiwilligen Feuerwehr L\u00f6schbezirk Eppelborn e.V.<\/strong><\/p>\n<\/div>\n\n\n\n<div class=\"wp-block-column is-layout-flow wp-block-column-is-layout-flow\" style=\"flex-basis:10%\"><\/div>\n<\/div>\n\n\n\n<p><strong>Wer sind wir<\/strong> <strong>..???..<\/strong> wir sind ein Verein, der am 29.07.2005 beim Amtsgericht in Ottweiler \/ Saarland ins Vereinsregister eingetragen wurde. Zweck des Vereins ist die ideelle und finanzielle Unterst\u00fctzung der T\u00e4tigkeit der aktiven Feuerwehr, der Jugendwehr, der Alterswehr, sowie des Fanfarenzuges des L\u00f6schbezirkes Eppelborn.<\/p>\n\n\n\n<p>Klar sind viele Mitglieder des Vereins auch aktive Mitglieder aus dem L\u00f6schbezirk, aber es gibt auch viele private Mitglieder welche die Feuerwehr unterst\u00fctzen wollen.<\/p>\n\n\n\n<p><strong>Warum machen wir das ..???..<\/strong> die Einsatzbereitschaft einer Feuerwehr zu Erhalten ist es die Aufgabe der Gemeinde. Leider ist dies durch leere Kassen nicht immer im ausreichenden Fall m\u00f6glich. Hier versuchen wir zu helfen.<\/p>\n\n\n\n<p><strong>Wie machen wir das ..???..<\/strong> wir versuchen mit Aktionen Gelder zu generieren und diese dort einzusetzen, wo uns der L\u00f6schbezirk anzeigt, da\u00df hier ein Bedarf besteht.  <\/p>\n\n\n\n<p><strong>Was machen wir ..???..<\/strong>   aktuell f\u00f6rdern und unterst\u00fctzen wir spannende Projekte wie &#8230;. Austattung unserer aktiven Feuerwehrleute mit Regenkleidung, Beschaffung einer Stiefelwaschanlage u.s.w. <\/p>\n\n\n\n<p>Aber gerade auch im Bereich der Digitalisierung, sind wir aktuell sehr stark engagiert, nicht nur den L\u00f6schbezirk Eppelborn, sondern auch die gesamte Feuerwehr Eppelborn in den Themen Alarmmonitor, Einsatztablets, eLearning, digitale Einsatzunterst\u00fctzung durch Drohnen u.v.m. zu unterst\u00fctzen.<\/p>\n\n\n\n<p><\/p>\n\n\n\n<p>Also, viel Spa\u00df beim herumst\u00f6bern auf unseren Seiten. <\/p>\n\n\n\n<p>Dein F\u00f6rderverein des L\u00f6schbezirks Eppelborn<\/p>\n\n\n\n<p><\/p>\n\n\n\n<p><\/p>\n","protected":false},"excerpt":{"rendered":"<p>Hallo auf den Seiten des Vereins zur F\u00f6rderung derFreiwilligen Feuerwehr L\u00f6schbezirk Eppelborn e.V. Wer sind wir ..???.. wir sind ein Verein, der am 29.07.2005 beim Amtsgericht in Ottweiler \/ Saarland ins Vereinsregister eingetragen wurde. Zweck des Vereins ist die ideelle und finanzielle Unterst\u00fctzung der T\u00e4tigkeit der aktiven Feuerwehr, der Jugendwehr, der Alterswehr, sowie des Fanfarenzuges [&hellip;]<\/p>\n","protected":false},"author":1,"featured_media":0,"parent":0,"menu_order":0,"comment_status":"closed","ping_status":"closed","template":"template\/fullwidth.php","meta":{"ngg_post_thumbnail":0,"footnotes":""},"class_list":["post-11","page","type-page","status-publish","hentry"],"_links":{"self":[{"href":"https:\/\/foerderverein-lbz-eppelborn.de\/index.php?rest_route=\/wp\/v2\/pages\/11","targetHints":{"allow":["GET"]}}],"collection":[{"href":"https:\/\/foerderverein-lbz-eppelborn.de\/index.php?rest_route=\/wp\/v2\/pages"}],"about":[{"href":"https:\/\/foerderverein-lbz-eppelborn.de\/index.php?rest_route=\/wp\/v2\/types\/page"}],"author":[{"embeddable":true,"href":"https:\/\/foerderverein-lbz-eppelborn.de\/index.php?rest_route=\/wp\/v2\/users\/1"}],"replies":[{"embeddable":true,"href":"https:\/\/foerderverein-lbz-eppelborn.de\/index.php?rest_route=%2Fwp%2Fv2%2Fcomments&post=11"}],"version-history":[{"count":46,"href":"https:\/\/foerderverein-lbz-eppelborn.de\/index.php?rest_route=\/wp\/v2\/pages\/11\/revisions"}],"predecessor-version":[{"id":672,"href":"https:\/\/foerderverein-lbz-eppelborn.de\/index.php?rest_route=\/wp\/v2\/pages\/11\/revisions\/672"}],"wp:attachment":[{"href":"https:\/\/foerderverein-lbz-eppelborn.de\/index.php?rest_route=%2Fwp%2Fv2%2Fmedia&parent=11"}],"curies":[{"name":"wp","href":"https:\/\/api.w.org\/{rel}","templated":true}]}}