{"id":13,"date":"2020-02-17T12:52:43","date_gmt":"2020-02-17T12:52:43","guid":{"rendered":"http:\/\/foerderverein-lbz-eppelborn.de\/?page_id=13"},"modified":"2025-11-29T12:14:44","modified_gmt":"2025-11-29T11:14:44","slug":"kontakt","status":"publish","type":"page","link":"https:\/\/foerderverein-lbz-eppelborn.de\/?page_id=13","title":{"rendered":"Kontakt"},"content":{"rendered":"\n<p>Aktueller Vorstand des F\u00f6rdervereins der Freiwilligen Feuerwehr Eppelborn &#8211; L\u00f6schbezirk Eppelborn:<\/p>\n\n\n\n<p>1. Vorsitzender: Markus Klaumann<\/p>\n\n\n\n<p>2. Vorsitzender: Sascha M\u00fcller<\/p>\n\n\n\n<p>Schriftf\u00fchrer: Hans-J\u00fcrgen Alt<\/p>\n\n\n\n<p>Kassierer: Dennis Treinen<\/p>\n\n\n\n<p>Beisitzer: Stefan Morgenstern<\/p>\n\n\n\n<p>Beisitzer: Jana Wagner<\/p>\n\n\n\n<p>Beisitzer: Luca Schwan<\/p>\n\n\n\n<p>Beisitzer: Sebastian Heinz<\/p>\n\n\n\n<p>Beisitzer: Peter Hammerschmidt<\/p>\n\n\n\n<p>Beisitzer: Rene Thulke<\/p>\n\n\n\n<p>Beisitzer: Hermann-Josef Recktenwald<\/p>\n\n\n\n<p>gesetztes Mitglied: Jochen Couturier (als L\u00f6schbezirksf\u00fchrer)<\/p>\n\n\n\n<p><\/p>\n\n\n\n<p><strong>Email:<\/strong> <a href=\"mailto:info@fvlbe.de\">info@fvlbe.de<\/a><\/p>\n","protected":false},"excerpt":{"rendered":"<p>Aktueller Vorstand des F\u00f6rdervereins der Freiwilligen Feuerwehr Eppelborn &#8211; L\u00f6schbezirk Eppelborn: 1. Vorsitzender: Markus Klaumann 2. Vorsitzender: Sascha M\u00fcller Schriftf\u00fchrer: Hans-J\u00fcrgen Alt Kassierer: Dennis Treinen Beisitzer: Stefan Morgenstern Beisitzer: Jana Wagner Beisitzer: Luca Schwan Beisitzer: Sebastian Heinz Beisitzer: Peter Hammerschmidt Beisitzer: Rene Thulke Beisitzer: Hermann-Josef Recktenwald gesetztes Mitglied: Jochen Couturier (als L\u00f6schbezirksf\u00fchrer) Email: info@fvlbe.de<\/p>\n","protected":false},"author":1,"featured_media":0,"parent":0,"menu_order":0,"comment_status":"closed","ping_status":"closed","template":"template\/fullwidth.php","meta":{"ngg_post_thumbnail":0,"footnotes":""},"class_list":["post-13","page","type-page","status-publish","hentry"],"_links":{"self":[{"href":"https:\/\/foerderverein-lbz-eppelborn.de\/index.php?rest_route=\/wp\/v2\/pages\/13","targetHints":{"allow":["GET"]}}],"collection":[{"href":"https:\/\/foerderverein-lbz-eppelborn.de\/index.php?rest_route=\/wp\/v2\/pages"}],"about":[{"href":"https:\/\/foerderverein-lbz-eppelborn.de\/index.php?rest_route=\/wp\/v2\/types\/page"}],"author":[{"embeddable":true,"href":"https:\/\/foerderverein-lbz-eppelborn.de\/index.php?rest_route=\/wp\/v2\/users\/1"}],"replies":[{"embeddable":true,"href":"https:\/\/foerderverein-lbz-eppelborn.de\/index.php?rest_route=%2Fwp%2Fv2%2Fcomments&post=13"}],"version-history":[{"count":11,"href":"https:\/\/foerderverein-lbz-eppelborn.de\/index.php?rest_route=\/wp\/v2\/pages\/13\/revisions"}],"predecessor-version":[{"id":691,"href":"https:\/\/foerderverein-lbz-eppelborn.de\/index.php?rest_route=\/wp\/v2\/pages\/13\/revisions\/691"}],"wp:attachment":[{"href":"https:\/\/foerderverein-lbz-eppelborn.de\/index.php?rest_route=%2Fwp%2Fv2%2Fmedia&parent=13"}],"curies":[{"name":"wp","href":"https:\/\/api.w.org\/{rel}","templated":true}]}}