{"id":261,"date":"2020-02-24T10:17:36","date_gmt":"2020-02-24T10:17:36","guid":{"rendered":"http:\/\/foerderverein-lbz-eppelborn.de\/?page_id=261"},"modified":"2021-07-01T11:52:48","modified_gmt":"2021-07-01T11:52:48","slug":"alarmmonitor","status":"publish","type":"page","link":"https:\/\/foerderverein-lbz-eppelborn.de\/?page_id=261","title":{"rendered":"Digitalisierung bei der Feuerwehr"},"content":{"rendered":"\n<p class=\"has-medium-font-size\"><strong>Schlagw\u00f6rter &#8211; womit sich der F\u00f6rderverein besch\u00e4ftigt, um den L\u00f6schbezirk Eppelborn digital nach vorne zu bringen<\/strong><\/p>\n\n\n\n<ul class=\"wp-block-list\"><li><strong><span class=\"has-inline-color has-vivid-red-color\"><a href=\"#Alarmmonitor\" data-type=\"URL\">Alarmmonitor<\/a><\/span><\/strong>: Anzeige der Alarmdaten und des Einsatzortes (Karte) auf einer oder mehreren Gro\u00dfanzeige\/n in der Fahrzeughalle<\/li><li><strong><a href=\"#Alarmweb\" data-type=\"page\">Alarmweb<\/a><\/strong>: online Zugriff der Einsatztablets auf Einsatzpl\u00e4ne, digitale Datenbanken (z.B. Gefahrenstoff-DB), Rettungskarten<\/li><li><strong><span class=\"has-inline-color has-vivid-red-color\"><a href=\"#Einsatztablets\">Einsatztablets<\/a><\/span><\/strong>: Analog dem Alarmmonitor, jedoch als Tablet auf den Einsatzfahrzeugen mit Navigation zum Einsatzort<\/li><li><strong><span class=\"has-inline-color has-vivid-red-color\"><a href=\"#Redundante_Alarmierung\">Redundande Alarmierung<\/a><\/span><\/strong>: Zusatzalarmierung (als push-Meldung) auf die Handies der Einsatzkr\u00e4fte<\/li><li><strong><span class=\"has-inline-color has-vivid-red-color\"><a href=\"#Digitale_Einsatzunterst\u00fctzung\">Digitale Einsatzunterst\u00fctzung<\/a><\/span><\/strong>: durch den Einsatz von Drohnen <\/li><\/ul>\n\n\n\n<p><\/p>\n\n\n\n<p class=\"has-medium-font-size\"><strong>Was hat Digitalisierung mit Feuerwehr zu tun ?<\/strong><\/p>\n\n\n\n<p>Heute st\u00e4rker wie nie, sind die Begriffe Digitalisierung, IoT, Industrie 4.0 in der heutigen Arbeitswelt nicht mehr wegzudenken. Eine logische Schlu\u00dffolgerung somit auch, das dieses Thema auch Einzug bei der Feuerwehr h\u00e4lt. <\/p>\n\n\n\n<p>Der F\u00f6rderverein des L\u00f6schbezirks Eppelborn unterst\u00fctzt die Arbeit rund um die Digitalisierung innerhalb der Feuerwehr Eppelborn.<\/p>\n\n\n\n<p>Nur was kann man digitalisieren &#8211; automatisieren &#8211; vernetzen ? <\/p>\n\n\n\n<p>Ein Feuer bekommt man immer noch nicht mit Nullen und Einser gel\u00f6scht und die Bits und Bytes helfen auch bei der Technischen Hilfe nicht wirklich weiter.<\/p>\n\n\n\n<p>Das Thema Digitalisierung kann also nur eine Unterst\u00fctzungsleistung sein. Und genau hier k\u00f6nnen wir diese beim Alarmierungsprozess und bei der Bereitstellung von Informationen am und um den Einsatzort einsetzen.<\/p>\n\n\n\n<p>Der Alarmierungs-Prozess bildet hier den Startpunkt eines digitalen Prozesses. <\/p>\n\n\n\n<figure class=\"wp-block-image size-large\"><img loading=\"lazy\" decoding=\"async\" width=\"1024\" height=\"547\" src=\"https:\/\/foerderverein-lbz-eppelborn.de\/wp-content\/uploads\/2020\/02\/01_Effizienz-1-1024x547.jpg\" alt=\"\" class=\"wp-image-263\" srcset=\"https:\/\/foerderverein-lbz-eppelborn.de\/wp-content\/uploads\/2020\/02\/01_Effizienz-1-1024x547.jpg 1024w, https:\/\/foerderverein-lbz-eppelborn.de\/wp-content\/uploads\/2020\/02\/01_Effizienz-1-300x160.jpg 300w, https:\/\/foerderverein-lbz-eppelborn.de\/wp-content\/uploads\/2020\/02\/01_Effizienz-1-768x410.jpg 768w, https:\/\/foerderverein-lbz-eppelborn.de\/wp-content\/uploads\/2020\/02\/01_Effizienz-1-600x321.jpg 600w, https:\/\/foerderverein-lbz-eppelborn.de\/wp-content\/uploads\/2020\/02\/01_Effizienz-1-800x428.jpg 800w, https:\/\/foerderverein-lbz-eppelborn.de\/wp-content\/uploads\/2020\/02\/01_Effizienz-1.jpg 1102w\" sizes=\"auto, (max-width: 1024px) 100vw, 1024px\" \/><\/figure>\n\n\n\n<p class=\"has-medium-font-size\" id=\"Alammonitor\"><strong>Was ist \u00fcberhaupt ein Alarmmonitor ? und wie wird er genutzt ?<\/strong><\/p>\n\n\n\n<p>Der Alarmmonitor besteht sowohl aus einer Hardware, als auch aus einer speziellen Software. Die Hardware besteht aus dem oder den Bildschirme\/n dar, welche je nach Situation entsprechenden Informationen anzeigen. Die Software regelt und steuert die Anzeige auf den Bildschirmen.  <\/p>\n\n\n\n<figure class=\"wp-block-image size-large\"><img loading=\"lazy\" decoding=\"async\" width=\"1021\" height=\"551\" src=\"https:\/\/foerderverein-lbz-eppelborn.de\/wp-content\/uploads\/2020\/09\/Digitalisierung_Alarmmonitor_01.jpg\" alt=\"\" class=\"wp-image-358\" srcset=\"https:\/\/foerderverein-lbz-eppelborn.de\/wp-content\/uploads\/2020\/09\/Digitalisierung_Alarmmonitor_01.jpg 1021w, https:\/\/foerderverein-lbz-eppelborn.de\/wp-content\/uploads\/2020\/09\/Digitalisierung_Alarmmonitor_01-300x162.jpg 300w, https:\/\/foerderverein-lbz-eppelborn.de\/wp-content\/uploads\/2020\/09\/Digitalisierung_Alarmmonitor_01-768x414.jpg 768w, https:\/\/foerderverein-lbz-eppelborn.de\/wp-content\/uploads\/2020\/09\/Digitalisierung_Alarmmonitor_01-600x324.jpg 600w, https:\/\/foerderverein-lbz-eppelborn.de\/wp-content\/uploads\/2020\/09\/Digitalisierung_Alarmmonitor_01-800x432.jpg 800w\" sizes=\"auto, (max-width: 1021px) 100vw, 1021px\" \/><\/figure>\n\n\n\n<p>Der Bereitschafts-Monitor wird angezeigt, wenn kein Alarm vorliegt. Erfolgt ein Alarm, schaltet der Bereitschafts-Monitor automatisch auf den Alarm-Monitor um.<\/p>\n\n\n\n<figure class=\"wp-block-image size-large\"><img loading=\"lazy\" decoding=\"async\" width=\"1016\" height=\"543\" src=\"https:\/\/foerderverein-lbz-eppelborn.de\/wp-content\/uploads\/2020\/09\/Digitalisierung_Alarmmonitor_02.jpg\" alt=\"\" class=\"wp-image-359\" srcset=\"https:\/\/foerderverein-lbz-eppelborn.de\/wp-content\/uploads\/2020\/09\/Digitalisierung_Alarmmonitor_02.jpg 1016w, https:\/\/foerderverein-lbz-eppelborn.de\/wp-content\/uploads\/2020\/09\/Digitalisierung_Alarmmonitor_02-300x160.jpg 300w, https:\/\/foerderverein-lbz-eppelborn.de\/wp-content\/uploads\/2020\/09\/Digitalisierung_Alarmmonitor_02-768x410.jpg 768w, https:\/\/foerderverein-lbz-eppelborn.de\/wp-content\/uploads\/2020\/09\/Digitalisierung_Alarmmonitor_02-600x321.jpg 600w, https:\/\/foerderverein-lbz-eppelborn.de\/wp-content\/uploads\/2020\/09\/Digitalisierung_Alarmmonitor_02-800x428.jpg 800w\" sizes=\"auto, (max-width: 1016px) 100vw, 1016px\" \/><\/figure>\n\n\n\n<p>Der Alarmmonitor bildet somit die erweiterte Digitalisierungs-Komponente und auch gleichzeitig den Startpunkt f\u00fcr weitere Digitalisierungsobjekte wie das Alarmweb mit den Einsatztablets sowie die redundante Alarmierung auf die Handies der aktiven Feuerwehrkameraden.<\/p>\n\n\n\n<figure class=\"wp-block-image size-large\"><img loading=\"lazy\" decoding=\"async\" width=\"1024\" height=\"585\" src=\"https:\/\/foerderverein-lbz-eppelborn.de\/wp-content\/uploads\/2020\/09\/Digitalisierung_KOmponenten-1024x585.jpg\" alt=\"\" class=\"wp-image-357\" srcset=\"https:\/\/foerderverein-lbz-eppelborn.de\/wp-content\/uploads\/2020\/09\/Digitalisierung_KOmponenten-1024x585.jpg 1024w, https:\/\/foerderverein-lbz-eppelborn.de\/wp-content\/uploads\/2020\/09\/Digitalisierung_KOmponenten-300x171.jpg 300w, https:\/\/foerderverein-lbz-eppelborn.de\/wp-content\/uploads\/2020\/09\/Digitalisierung_KOmponenten-768x439.jpg 768w, https:\/\/foerderverein-lbz-eppelborn.de\/wp-content\/uploads\/2020\/09\/Digitalisierung_KOmponenten-600x343.jpg 600w, https:\/\/foerderverein-lbz-eppelborn.de\/wp-content\/uploads\/2020\/09\/Digitalisierung_KOmponenten-800x457.jpg 800w, https:\/\/foerderverein-lbz-eppelborn.de\/wp-content\/uploads\/2020\/09\/Digitalisierung_KOmponenten.jpg 1031w\" sizes=\"auto, (max-width: 1024px) 100vw, 1024px\" \/><\/figure>\n\n\n\n<p class=\"has-medium-font-size\" id=\"Alarmweb\"><strong>Alarmweb<\/strong><\/p>\n\n\n\n<p>Technisch gesehen l\u00e4uft das Alarmweb als separate Dom\u00e4ne auf dem eigenen Internetserver der Feuerwehr Eppelborn und bietet hierdurch auch die M\u00f6glichkeit der pysikalischen Ablage von Dateien.<\/p>\n\n\n\n<p>Fachlich beinhaltet das Alarmweb im Einsatzfall die Einsatzdaten analog dem Alarmmonitor. Permanent stehen im Alarmweb Zusatzinformationen zur Verf\u00fcgung wie z.B. die Alarmpl\u00e4ne f\u00fcr spezielle Objekte, Telefonlisten, Links auf Online-Datenbanken wie z.B. Gefahrstoff-Datenbank oder auch auf die Datenbank der KFZ-Rettungskarten.<\/p>\n\n\n\n<p><\/p>\n\n\n\n<p class=\"has-medium-font-size\" id=\"Einsatztablets\"><strong>Einsatztablets<\/strong><\/p>\n\n\n\n<p>Der Zugriff auf unser Alarmweb und auch der Zugriff auf das Internet, wird im \u00dcbungs- oder auch im Einsatzfall durch unsere <strong>Einsatztablets<\/strong> realisiert. <\/p>\n\n\n\n<figure class=\"wp-block-image size-large\"><img loading=\"lazy\" decoding=\"async\" width=\"1012\" height=\"541\" src=\"https:\/\/foerderverein-lbz-eppelborn.de\/wp-content\/uploads\/2021\/07\/Digi_Tablets.png\" alt=\"\" class=\"wp-image-467\" srcset=\"https:\/\/foerderverein-lbz-eppelborn.de\/wp-content\/uploads\/2021\/07\/Digi_Tablets.png 1012w, https:\/\/foerderverein-lbz-eppelborn.de\/wp-content\/uploads\/2021\/07\/Digi_Tablets-300x160.png 300w, https:\/\/foerderverein-lbz-eppelborn.de\/wp-content\/uploads\/2021\/07\/Digi_Tablets-768x411.png 768w\" sizes=\"auto, (max-width: 1012px) 100vw, 1012px\" \/><\/figure>\n\n\n\n<figure class=\"wp-block-image size-large\"><img loading=\"lazy\" decoding=\"async\" width=\"1014\" height=\"541\" src=\"https:\/\/foerderverein-lbz-eppelborn.de\/wp-content\/uploads\/2020\/09\/Digitalisierung_Einsatztablet_02.jpg\" alt=\"\" class=\"wp-image-362\" srcset=\"https:\/\/foerderverein-lbz-eppelborn.de\/wp-content\/uploads\/2020\/09\/Digitalisierung_Einsatztablet_02.jpg 1014w, https:\/\/foerderverein-lbz-eppelborn.de\/wp-content\/uploads\/2020\/09\/Digitalisierung_Einsatztablet_02-300x160.jpg 300w, https:\/\/foerderverein-lbz-eppelborn.de\/wp-content\/uploads\/2020\/09\/Digitalisierung_Einsatztablet_02-768x410.jpg 768w, https:\/\/foerderverein-lbz-eppelborn.de\/wp-content\/uploads\/2020\/09\/Digitalisierung_Einsatztablet_02-600x320.jpg 600w, https:\/\/foerderverein-lbz-eppelborn.de\/wp-content\/uploads\/2020\/09\/Digitalisierung_Einsatztablet_02-800x427.jpg 800w\" sizes=\"auto, (max-width: 1014px) 100vw, 1014px\" \/><\/figure>\n\n\n\n<p class=\"has-medium-font-size\" id=\"Redundante_Alarmierung\"><strong>Redundante Alarmierung<\/strong><\/p>\n\n\n\n<p>Die Handy-Alarmierung ist eine redundante Alarmierung, welche aber auch gleichzeitig die GEO-referenzierte Einsatzstelle mitschickt, und somit auch wie das Einsatztablet verwendet werden kann.<\/p>\n\n\n\n<figure class=\"wp-block-image size-large\"><img loading=\"lazy\" decoding=\"async\" width=\"1013\" height=\"542\" src=\"https:\/\/foerderverein-lbz-eppelborn.de\/wp-content\/uploads\/2020\/09\/Digitalisierung_Handyalarmierung_01.jpg\" alt=\"\" class=\"wp-image-363\" srcset=\"https:\/\/foerderverein-lbz-eppelborn.de\/wp-content\/uploads\/2020\/09\/Digitalisierung_Handyalarmierung_01.jpg 1013w, https:\/\/foerderverein-lbz-eppelborn.de\/wp-content\/uploads\/2020\/09\/Digitalisierung_Handyalarmierung_01-300x161.jpg 300w, https:\/\/foerderverein-lbz-eppelborn.de\/wp-content\/uploads\/2020\/09\/Digitalisierung_Handyalarmierung_01-768x411.jpg 768w, https:\/\/foerderverein-lbz-eppelborn.de\/wp-content\/uploads\/2020\/09\/Digitalisierung_Handyalarmierung_01-600x321.jpg 600w, https:\/\/foerderverein-lbz-eppelborn.de\/wp-content\/uploads\/2020\/09\/Digitalisierung_Handyalarmierung_01-800x428.jpg 800w\" sizes=\"auto, (max-width: 1013px) 100vw, 1013px\" \/><\/figure>\n\n\n\n<figure class=\"wp-block-image size-large\"><img decoding=\"async\" src=\"blob:https:\/\/foerderverein-lbz-eppelborn.de\/5640d027-df82-48a1-ab0d-3cf3c1ba2156\" alt=\"\"\/><\/figure>\n\n\n\n<p class=\"has-medium-font-size\" id=\"Digitale_Einsatzunterst\u00fctzung\"><strong>Digitale Einsatzunterst\u00fctzung<\/strong><\/p>\n\n\n\n<p>&#8230; wird noch vervollst\u00e4ndigt &#8230;<\/p>\n","protected":false},"excerpt":{"rendered":"<p>Schlagw\u00f6rter &#8211; womit sich der F\u00f6rderverein besch\u00e4ftigt, um den L\u00f6schbezirk Eppelborn digital nach vorne zu bringen Alarmmonitor: Anzeige der Alarmdaten und des Einsatzortes (Karte) auf einer oder mehreren Gro\u00dfanzeige\/n in der Fahrzeughalle Alarmweb: online Zugriff der Einsatztablets auf Einsatzpl\u00e4ne, digitale Datenbanken (z.B. Gefahrenstoff-DB), Rettungskarten Einsatztablets: Analog dem Alarmmonitor, jedoch als Tablet auf den Einsatzfahrzeugen mit [&hellip;]<\/p>\n","protected":false},"author":1,"featured_media":0,"parent":0,"menu_order":0,"comment_status":"closed","ping_status":"closed","template":"template\/fullwidth.php","meta":{"ngg_post_thumbnail":0,"footnotes":""},"class_list":["post-261","page","type-page","status-publish","hentry"],"_links":{"self":[{"href":"https:\/\/foerderverein-lbz-eppelborn.de\/index.php?rest_route=\/wp\/v2\/pages\/261","targetHints":{"allow":["GET"]}}],"collection":[{"href":"https:\/\/foerderverein-lbz-eppelborn.de\/index.php?rest_route=\/wp\/v2\/pages"}],"about":[{"href":"https:\/\/foerderverein-lbz-eppelborn.de\/index.php?rest_route=\/wp\/v2\/types\/page"}],"author":[{"embeddable":true,"href":"https:\/\/foerderverein-lbz-eppelborn.de\/index.php?rest_route=\/wp\/v2\/users\/1"}],"replies":[{"embeddable":true,"href":"https:\/\/foerderverein-lbz-eppelborn.de\/index.php?rest_route=%2Fwp%2Fv2%2Fcomments&post=261"}],"version-history":[{"count":30,"href":"https:\/\/foerderverein-lbz-eppelborn.de\/index.php?rest_route=\/wp\/v2\/pages\/261\/revisions"}],"predecessor-version":[{"id":468,"href":"https:\/\/foerderverein-lbz-eppelborn.de\/index.php?rest_route=\/wp\/v2\/pages\/261\/revisions\/468"}],"wp:attachment":[{"href":"https:\/\/foerderverein-lbz-eppelborn.de\/index.php?rest_route=%2Fwp%2Fv2%2Fmedia&parent=261"}],"curies":[{"name":"wp","href":"https:\/\/api.w.org\/{rel}","templated":true}]}}